{"id":328,"date":"2021-12-13T12:26:45","date_gmt":"2021-12-13T12:26:45","guid":{"rendered":"https:\/\/dataportal.hgdc.genouest.org\/?page_id=328"},"modified":"2022-06-14T08:52:13","modified_gmt":"2022-06-14T08:52:13","slug":"publications","status":"publish","type":"page","link":"https:\/\/dataportal.hgdc.genouest.org\/?page_id=328","title":{"rendered":"Publications"},"content":{"rendered":"\t\t<div data-elementor-type=\"wp-page\" data-elementor-id=\"328\" class=\"elementor elementor-328\" data-elementor-settings=\"[]\">\n\t\t\t\t\t\t\t<div class=\"elementor-section-wrap\">\n\t\t\t\t\t\t\t<section class=\"elementor-section elementor-top-section elementor-element elementor-element-1b6e8ae elementor-section-boxed elementor-section-height-default elementor-section-height-default\" data-id=\"1b6e8ae\" data-element_type=\"section\">\n\t\t\t\t\t\t<div class=\"elementor-container elementor-column-gap-default\">\n\t\t\t\t\t<div class=\"aux-parallax-section elementor-column elementor-col-100 elementor-top-column elementor-element elementor-element-1659a38\" data-id=\"1659a38\" data-element_type=\"column\">\n\t\t\t<div class=\"elementor-widget-wrap elementor-element-populated\">\n\t\t\t\t\t\t\t\t<div class=\"elementor-element elementor-element-a2d05db elementor-widget elementor-widget-heading\" data-id=\"a2d05db\" data-element_type=\"widget\" data-widget_type=\"heading.default\">\n\t\t\t\t<div class=\"elementor-widget-container\">\n\t\t\t<h4 class=\"elementor-heading-title elementor-size-default\">Publications<\/h4>\t\t<\/div>\n\t\t\t\t<\/div>\n\t\t\t\t\t<\/div>\n\t\t<\/div>\n\t\t\t\t\t\t\t<\/div>\n\t\t<\/section>\n\t\t\t\t<section class=\"elementor-section elementor-top-section elementor-element elementor-element-0239ab7 elementor-section-boxed elementor-section-height-default elementor-section-height-default\" data-id=\"0239ab7\" data-element_type=\"section\">\n\t\t\t\t\t\t<div class=\"elementor-container elementor-column-gap-default\">\n\t\t\t\t\t<div class=\"aux-parallax-section elementor-column elementor-col-100 elementor-top-column elementor-element elementor-element-be8cfc6\" data-id=\"be8cfc6\" data-element_type=\"column\">\n\t\t\t<div class=\"elementor-widget-wrap elementor-element-populated\">\n\t\t\t\t\t\t\t\t<div class=\"elementor-element elementor-element-1bb9596 elementor-widget elementor-widget-toggle\" data-id=\"1bb9596\" data-element_type=\"widget\" data-widget_type=\"toggle.default\">\n\t\t\t\t<div class=\"elementor-widget-container\">\n\t\t\t\t\t<div class=\"elementor-toggle\" role=\"tablist\">\n\t\t\t\t\t\t\t<div class=\"elementor-toggle-item\">\n\t\t\t\t\t<div id=\"elementor-tab-title-2901\" class=\"elementor-tab-title\" data-tab=\"1\" role=\"tab\" aria-controls=\"elementor-tab-content-2901\" aria-expanded=\"false\">\n\t\t\t\t\t\t\t\t\t\t\t\t<span class=\"elementor-toggle-icon elementor-toggle-icon-right\" aria-hidden=\"true\">\n\t\t\t\t\t\t\t\t\t\t\t\t\t\t\t<span class=\"elementor-toggle-icon-closed\"><i class=\"fas fa-caret-right\"><\/i><\/span>\n\t\t\t\t\t\t\t\t<span class=\"elementor-toggle-icon-opened\"><i class=\"elementor-toggle-icon-opened fas fa-caret-up\"><\/i><\/span>\n\t\t\t\t\t\t\t\t\t\t\t\t\t<\/span>\n\t\t\t\t\t\t\t\t\t\t\t\t<a href=\"\" class=\"elementor-toggle-title\">Single-cell roadmap of human gonadal development<\/a>\n\t\t\t\t\t<\/div>\n\n\t\t\t\t\t<div id=\"elementor-tab-content-2901\" class=\"elementor-tab-content elementor-clearfix\" data-tab=\"1\" role=\"tabpanel\" aria-labelledby=\"elementor-tab-title-2901\"><p>Gonadal development is a complex process that involves sex determination followed by divergent maturation into ovaries or testes. Historically, limited tissue accessibility and lack of reliable in vitro models have impeded our understanding of human gonadogenesis, despite its importance in gonadal pathologies and infertility. Here, we generated a comprehensive map of first- and second-trimester gonadal development using a combination of single-cell and spatial transcriptomics, chromatin accessibility assays and imaging. Using this approach, we identified novel transcription factors and cell states in human germ and supporting cell lineages. We compared them with other mammalian species and found primate-specific regulatory programmes. Our data identified cell context\u2013specific interactions shaping sex specification and development of human germ cells. We defined a novel bipotent progenitor cell (LGR5+, TSPAN8+) in late embryos that can differentiate into early Sertoli in males or pre-granulosa cells in females. In fetal ovaries, we defined two subsets of pre-granulosa cells supporting germ-cell differentiation and distributed across the cortico-medullary axis. We also found a subset of developing granulosa cells appearing during the second trimester of pregnancy that is involved in follicular assembly. In fetal testes, we defined a novel supporting population (sPAX8 cells) located at the poles of the developing testis cords. We also found two tissue-resident myeloid populations that we named microglia-like and SIGLEC15+ fetal testicular macrophages. This study provides an unprecedented spatiotemporal map of human gonadal differentiation that can be utilised as a blueprint for in vitro gametogenesis.<\/p><div style=\"box-sizing: inherit; border-width: 0px 0px 1px; border-style: solid; border-color: #e4e4e7 #e4e4e7 #cccfd2; border-image: initial; --tw-shadow: 0 0 #0000; --tw-ring-inset: var(--tw-empty, ); --tw-ring-offset-width: 0px; --tw-ring-offset-color: #fff; --tw-ring-color: rgba(59,130,246,0.5); --tw-ring-offset-shadow: 0 0 #0000; --tw-ring-shadow: 0 0 #0000; padding: 1rem 1rem 10px; color: #4a4a4a; font-family: MaisonNeue, BlinkMacSystemFont, -apple-system, 'Segoe UI', Oxygen, Ubuntu, Cantarell, 'Fira Sans', 'Droid Sans', 'Helvetica Neue', Helvetica, Arial, sans-serif; font-size: 16px; display: flex !important; background-color: #f2f2f3 !important;\"><div style=\"box-sizing: inherit; border: 0px solid #e4e4e7; --tw-shadow: 0 0 #0000; --tw-ring-inset: var(--tw-empty, ); --tw-ring-offset-width: 0px; --tw-ring-offset-color: #fff; --tw-ring-color: rgba(59,130,246,0.5); --tw-ring-offset-shadow: 0 0 #0000; --tw-ring-shadow: 0 0 #0000; cursor: pointer;\" tabindex=\"0\" role=\"button\"><h5 style=\"box-sizing: inherit; border: 0px solid #e4e4e7; --tw-shadow: 0 0 #0000; --tw-ring-inset: var(--tw-empty, ); --tw-ring-offset-width: 0px; --tw-ring-offset-color: #fff; --tw-ring-color: rgba(59,130,246,0.5); --tw-ring-offset-shadow: 0 0 #0000; --tw-ring-shadow: 0 0 #0000; margin: 0px; font-size: 12px; font-weight: 400; padding: 0px; color: #192837; letter-spacing: 0.5px; line-height: 1.8;\">Roser Vento-Tormo, Luz Garcia-Alonso, Valentina Lorenzi, Cecilia Mazzeo, Carmen Sancho-Serra, Kenny Roberts, Justin Engelbert, Jo\u00e3o Alves-Lopes, Magda Mare\u010dkov\u00e1, Rachel Botting, Tong Li, Berta Crespo, Stijn van Dongen, Vladimir Kiselev, Elena Prigmore, Ashley Moffett, Mary Herbert, Omer Ali Bayraktar, Azim Surani, Muzlifah Haniffa<\/h5><\/div><\/div><div style=\"box-sizing: inherit; border: 0px solid #e4e4e7; --tw-shadow: 0 0 #0000; --tw-ring-inset: var(--tw-empty, ); --tw-ring-offset-width: 0px; --tw-ring-offset-color: #fff; --tw-ring-color: rgba(59,130,246,0.5); --tw-ring-offset-shadow: 0 0 #0000; --tw-ring-shadow: 0 0 #0000; padding-bottom: 10px; padding-top: 20px; margin-left: 20px; display: flex; align-items: center; color: #4a4a4a; font-family: MaisonNeue, BlinkMacSystemFont, -apple-system, 'Segoe UI', Oxygen, Ubuntu, Cantarell, 'Fira Sans', 'Droid Sans', 'Helvetica Neue', Helvetica, Arial, sans-serif; font-size: 16px; background-color: #ffffff;\"><h5 style=\"box-sizing: inherit; border: 0px solid #e4e4e7; --tw-shadow: 0 0 #0000; --tw-ring-inset: var(--tw-empty, ); --tw-ring-offset-width: 0px; --tw-ring-offset-color: #fff; --tw-ring-color: rgba(59,130,246,0.5); --tw-ring-offset-shadow: 0 0 #0000; --tw-ring-shadow: 0 0 #0000; margin: 0px; font-size: 16px; padding: 0px 10px 0px 0px; color: #1b4064; letter-spacing: 0.5px; line-height: 1.5; font-family: MaisonNeue, BlinkMacSystemFont, -apple-system, 'Segoe UI', Oxygen, Ubuntu, Cantarell, 'Fira Sans', 'Droid Sans', 'Helvetica Neue', Helvetica, Arial, sans-serif; text-transform: uppercase;\">DOI:<a href=\"http:\/\/10.21203\/rs.3.rs-496470\/v1\">10.21203\/rs.3.rs-496470\/v1<\/a><\/h5><div><h5 style=\"box-sizing: inherit; border: 0px solid #e4e4e7; --tw-shadow: 0 0 #0000; --tw-ring-inset: var(--tw-empty, ); --tw-ring-offset-width: 0px; --tw-ring-offset-color: #fff; --tw-ring-color: rgba(59,130,246,0.5); --tw-ring-offset-shadow: 0 0 #0000; --tw-ring-shadow: 0 0 #0000; margin: 0px; font-size: 16px; padding: 0px 20px 0px 0px; color: #1b4064; letter-spacing: 0.5px; line-height: 1.5; font-family: MaisonNeue, BlinkMacSystemFont, -apple-system, 'Segoe UI', Oxygen, Ubuntu, Cantarell, 'Fira Sans', 'Droid Sans', 'Helvetica Neue', Helvetica, Arial, sans-serif; text-transform: uppercase;\">LICENSE:\u00a0 <span style=\"font-family: Raleway, arial, sans-serif; font-size: 14px; font-weight: 400; letter-spacing: 0.3px; color: #4a4a4a;\">this WORK is UNDER CC BY 4.0<\/span><span style=\"font-family: Raleway, arial, sans-serif; font-size: 14px; font-weight: 400; letter-spacing: 0.3px; color: #4a4a4a;\">\u00a0<\/span><span style=\"font-family: Raleway, arial, sans-serif; font-size: 14px; font-weight: 400; letter-spacing: 0.3px; color: #4a4a4a;\">License.<\/span><\/h5><\/div><div>\u00a0<\/div><div>\u00a0<\/div><div>\u00a0<\/div><div>\u00a0<\/div><div>\u00a0<\/div><div>\u00a0<\/div><div>\u00a0<\/div><div>\u00a0<\/div><div style=\"box-sizing: inherit; border: 0px solid #e4e4e7; --tw-shadow: 0 0 #0000; --tw-ring-inset: var(--tw-empty, ); --tw-ring-offset-width: 0px; --tw-ring-offset-color: #fff; --tw-ring-color: rgba(59,130,246,0.5); --tw-ring-offset-shadow: 0 0 #0000; --tw-ring-shadow: 0 0 #0000;\"><h5 style=\"box-sizing: inherit; border: 0px solid #e4e4e7; --tw-shadow: 0 0 #0000; --tw-ring-inset: var(--tw-empty, ); --tw-ring-offset-width: 0px; --tw-ring-offset-color: #fff; --tw-ring-color: rgba(59,130,246,0.5); --tw-ring-offset-shadow: 0 0 #0000; --tw-ring-shadow: 0 0 #0000; margin: 0px; font-size: 16px; font-weight: 400; padding: 1px 0px 0px; letter-spacing: 0.5px;\">\u00a0<\/h5><div>\u00a0<\/div><\/div><\/div><\/div>\n\t\t\t\t<\/div>\n\t\t\t\t\t\t\t\t<\/div>\n\t\t\t\t<\/div>\n\t\t\t\t<\/div>\n\t\t\t\t\t<\/div>\n\t\t<\/div>\n\t\t\t\t\t\t\t<\/div>\n\t\t<\/section>\n\t\t\t\t<section class=\"elementor-section elementor-top-section elementor-element elementor-element-e2fcda1 elementor-section-boxed elementor-section-height-default elementor-section-height-default\" data-id=\"e2fcda1\" data-element_type=\"section\">\n\t\t\t\t\t\t<div class=\"elementor-container elementor-column-gap-default\">\n\t\t\t\t\t<div class=\"aux-parallax-section elementor-column elementor-col-100 elementor-top-column elementor-element elementor-element-da7d78d\" data-id=\"da7d78d\" data-element_type=\"column\">\n\t\t\t<div class=\"elementor-widget-wrap elementor-element-populated\">\n\t\t\t\t\t\t\t\t<div class=\"elementor-element elementor-element-7e1be28 elementor-widget elementor-widget-toggle\" data-id=\"7e1be28\" data-element_type=\"widget\" data-widget_type=\"toggle.default\">\n\t\t\t\t<div class=\"elementor-widget-container\">\n\t\t\t\t\t<div class=\"elementor-toggle\" role=\"tablist\">\n\t\t\t\t\t\t\t<div class=\"elementor-toggle-item\">\n\t\t\t\t\t<div id=\"elementor-tab-title-1321\" class=\"elementor-tab-title\" data-tab=\"1\" role=\"tab\" aria-controls=\"elementor-tab-content-1321\" aria-expanded=\"false\">\n\t\t\t\t\t\t\t\t\t\t\t\t<span class=\"elementor-toggle-icon elementor-toggle-icon-right\" aria-hidden=\"true\">\n\t\t\t\t\t\t\t\t\t\t\t\t\t\t\t<span class=\"elementor-toggle-icon-closed\"><i class=\"fas fa-caret-right\"><\/i><\/span>\n\t\t\t\t\t\t\t\t<span class=\"elementor-toggle-icon-opened\"><i class=\"elementor-toggle-icon-opened fas fa-caret-up\"><\/i><\/span>\n\t\t\t\t\t\t\t\t\t\t\t\t\t<\/span>\n\t\t\t\t\t\t\t\t\t\t\t\t<a href=\"\" class=\"elementor-toggle-title\">Deciphering Sex-Specific Differentiation of Human Fetal Gonads: Insight From Experimental Models<\/a>\n\t\t\t\t\t<\/div>\n\n\t\t\t\t\t<div id=\"elementor-tab-content-1321\" class=\"elementor-tab-content elementor-clearfix\" data-tab=\"1\" role=\"tabpanel\" aria-labelledby=\"elementor-tab-title-1321\"><p>Sex-specific gonadal differentiation is initiated by the expression of SRY in male foetuses. This promotes a signalling pathway directing testicular development, while in female foetuses the absence of SRY and expression of pro-ovarian factors promote ovarian development. Importantly, in addition to the initiation of a sex-specific signalling cascade the opposite pathway is simultaneously inhibited. The somatic cell populations within the gonads dictates this differentiation as well as the development of secondary sex characteristics via secretion of endocrine factors and steroid hormones. Opposing pathways SOX9\/FGF9 (testis) and WNT4\/RSPO1 (ovary) controls the development and differentiation of the bipotential mouse gonad and even though sex-specific gonadal differentiation is largely considered to be conserved between mice and humans, recent studies have identified several differences. Hence, the signalling pathways promoting early mouse gonad differentiation cannot be directly transferred to human development thus highlighting the importance of also examining this signalling in human fetal gonads. This review focus on the current understanding of regulatory mechanisms governing human gonadal sex differentiation by combining knowledge of these processes from studies in mice, information from patients with differences of sex development and insight from manipulation of selected signalling pathways in\u00a0<em>ex vivo<\/em>\u00a0culture models of human fetal gonads.<\/p><div style=\"box-sizing: inherit; border-width: 0px 0px 1px; border-style: solid; border-color: #e4e4e7 #e4e4e7 #cccfd2; border-image: initial; --tw-shadow: 0 0 #0000; --tw-ring-inset: var(--tw-empty, ); --tw-ring-offset-width: 0px; --tw-ring-offset-color: #fff; --tw-ring-color: rgba(59,130,246,0.5); --tw-ring-offset-shadow: 0 0 #0000; --tw-ring-shadow: 0 0 #0000; padding: 1rem 1rem 10px; color: #4a4a4a; font-family: MaisonNeue, BlinkMacSystemFont, -apple-system, 'Segoe UI', Oxygen, Ubuntu, Cantarell, 'Fira Sans', 'Droid Sans', 'Helvetica Neue', Helvetica, Arial, sans-serif; font-size: 16px; display: flex !important; background-color: #f2f2f3 !important;\"><div style=\"box-sizing: inherit; border: 0px solid #e4e4e7; --tw-shadow: 0 0 #0000; --tw-ring-inset: var(--tw-empty, ); --tw-ring-offset-width: 0px; --tw-ring-offset-color: #fff; --tw-ring-color: rgba(59,130,246,0.5); --tw-ring-offset-shadow: 0 0 #0000; --tw-ring-shadow: 0 0 #0000; cursor: pointer;\" tabindex=\"0\" role=\"button\"><h5 style=\"box-sizing: inherit; border: 0px solid #e4e4e7; --tw-shadow: 0 0 #0000; --tw-ring-inset: var(--tw-empty, ); --tw-ring-offset-width: 0px; --tw-ring-offset-color: #fff; --tw-ring-color: rgba(59,130,246,0.5); --tw-ring-offset-shadow: 0 0 #0000; --tw-ring-shadow: 0 0 #0000; margin: 0px; font-size: 12px; font-weight: 400; padding: 0px; color: #192837; letter-spacing: 0.5px; line-height: 1.8;\">Malene Lundgaard Riis, Anne J\u00f8rgensen (2022) \u00a0<em>Front. Cell Dev. Biol.<\/em>\u00a010:902082<\/h5><\/div><\/div><div style=\"box-sizing: inherit; border: 0px solid #e4e4e7; --tw-shadow: 0 0 #0000; --tw-ring-inset: var(--tw-empty, ); --tw-ring-offset-width: 0px; --tw-ring-offset-color: #fff; --tw-ring-color: rgba(59,130,246,0.5); --tw-ring-offset-shadow: 0 0 #0000; --tw-ring-shadow: 0 0 #0000; padding-bottom: 10px; padding-top: 20px; margin-left: 20px; display: flex; align-items: center; color: #4a4a4a; font-family: MaisonNeue, BlinkMacSystemFont, -apple-system, 'Segoe UI', Oxygen, Ubuntu, Cantarell, 'Fira Sans', 'Droid Sans', 'Helvetica Neue', Helvetica, Arial, sans-serif; font-size: 16px; background-color: #ffffff;\"><h5 style=\"box-sizing: inherit; border: 0px solid #e4e4e7; --tw-shadow: 0 0 #0000; --tw-ring-inset: var(--tw-empty, ); --tw-ring-offset-width: 0px; --tw-ring-offset-color: #fff; --tw-ring-color: rgba(59,130,246,0.5); --tw-ring-offset-shadow: 0 0 #0000; --tw-ring-shadow: 0 0 #0000; margin: 0px; font-size: 16px; padding: 0px 10px 0px 0px; color: #1b4064; letter-spacing: 0.5px; line-height: 1.5; font-family: MaisonNeue, BlinkMacSystemFont, -apple-system, 'Segoe UI', Oxygen, Ubuntu, Cantarell, 'Fira Sans', 'Droid Sans', 'Helvetica Neue', Helvetica, Arial, sans-serif; text-transform: uppercase;\">DOI:<a href=\"https:\/\/doi.org\/10.3389\/fcell.2022.902082\">10.3389\/fcell.2022.902082<\/a><\/h5><div><h5 style=\"box-sizing: inherit; border: 0px solid #e4e4e7; --tw-shadow: 0 0 #0000; --tw-ring-inset: var(--tw-empty, ); --tw-ring-offset-width: 0px; --tw-ring-offset-color: #fff; --tw-ring-color: rgba(59,130,246,0.5); --tw-ring-offset-shadow: 0 0 #0000; --tw-ring-shadow: 0 0 #0000; margin: 0px; font-size: 16px; padding: 0px 20px 0px 0px; color: #1b4064; letter-spacing: 0.5px; line-height: 1.5; font-family: MaisonNeue, BlinkMacSystemFont, -apple-system, 'Segoe UI', Oxygen, Ubuntu, Cantarell, 'Fira Sans', 'Droid Sans', 'Helvetica Neue', Helvetica, Arial, sans-serif; text-transform: uppercase;\">LICENSE:\u00a0 <span style=\"font-family: Raleway, arial, sans-serif; font-size: 14px; font-weight: 400; letter-spacing: 0.3px; color: #4a4a4a;\">this WORK is UNDER CC BY 4.0<\/span><span style=\"font-family: Raleway, arial, sans-serif; font-size: 14px; font-weight: 400; letter-spacing: 0.3px; color: #4a4a4a;\">\u00a0<\/span><span style=\"font-family: Raleway, arial, sans-serif; font-size: 14px; font-weight: 400; letter-spacing: 0.3px; color: #4a4a4a;\">License.<\/span><\/h5><\/div><div>\u00a0<\/div><div>\u00a0<\/div><div>\u00a0<\/div><div>\u00a0<\/div><div>\u00a0<\/div><div>\u00a0<\/div><div>\u00a0<\/div><div>\u00a0<\/div><div style=\"box-sizing: inherit; border: 0px solid #e4e4e7; --tw-shadow: 0 0 #0000; --tw-ring-inset: var(--tw-empty, ); --tw-ring-offset-width: 0px; --tw-ring-offset-color: #fff; --tw-ring-color: rgba(59,130,246,0.5); --tw-ring-offset-shadow: 0 0 #0000; --tw-ring-shadow: 0 0 #0000;\"><h5 style=\"box-sizing: inherit; border: 0px solid #e4e4e7; --tw-shadow: 0 0 #0000; --tw-ring-inset: var(--tw-empty, ); --tw-ring-offset-width: 0px; --tw-ring-offset-color: #fff; --tw-ring-color: rgba(59,130,246,0.5); --tw-ring-offset-shadow: 0 0 #0000; --tw-ring-shadow: 0 0 #0000; margin: 0px; font-size: 16px; font-weight: 400; padding: 1px 0px 0px; letter-spacing: 0.5px;\">\u00a0<\/h5><div>\u00a0<\/div><\/div><\/div><\/div>\n\t\t\t\t<\/div>\n\t\t\t\t\t\t\t\t<\/div>\n\t\t\t\t<\/div>\n\t\t\t\t<\/div>\n\t\t\t\t\t<\/div>\n\t\t<\/div>\n\t\t\t\t\t\t\t<\/div>\n\t\t<\/section>\n\t\t\t\t\t\t<\/div>\n\t\t\t\t\t<\/div>\n\t\t","protected":false},"excerpt":{"rendered":"<p>Publications Single-cell roadmap of human gonadal development Gonadal development is a complex process that involves sex determination followed by divergent maturation into ovaries or testes. Historically, limited tissue accessibility and lack of reliable in vitro models have impeded our understanding of human gonadogenesis, despite its importance in gonadal pathologies and infertility. Here, we generated a [&hellip;]<\/p>\n","protected":false},"author":1,"featured_media":0,"parent":0,"menu_order":0,"comment_status":"closed","ping_status":"closed","template":"","meta":{"footnotes":""},"class_list":["post-328","page","type-page","status-publish","hentry"],"_links":{"self":[{"href":"https:\/\/dataportal.hgdc.genouest.org\/index.php?rest_route=\/wp\/v2\/pages\/328","targetHints":{"allow":["GET"]}}],"collection":[{"href":"https:\/\/dataportal.hgdc.genouest.org\/index.php?rest_route=\/wp\/v2\/pages"}],"about":[{"href":"https:\/\/dataportal.hgdc.genouest.org\/index.php?rest_route=\/wp\/v2\/types\/page"}],"author":[{"embeddable":true,"href":"https:\/\/dataportal.hgdc.genouest.org\/index.php?rest_route=\/wp\/v2\/users\/1"}],"replies":[{"embeddable":true,"href":"https:\/\/dataportal.hgdc.genouest.org\/index.php?rest_route=%2Fwp%2Fv2%2Fcomments&post=328"}],"version-history":[{"count":20,"href":"https:\/\/dataportal.hgdc.genouest.org\/index.php?rest_route=\/wp\/v2\/pages\/328\/revisions"}],"predecessor-version":[{"id":711,"href":"https:\/\/dataportal.hgdc.genouest.org\/index.php?rest_route=\/wp\/v2\/pages\/328\/revisions\/711"}],"wp:attachment":[{"href":"https:\/\/dataportal.hgdc.genouest.org\/index.php?rest_route=%2Fwp%2Fv2%2Fmedia&parent=328"}],"curies":[{"name":"wp","href":"https:\/\/api.w.org\/{rel}","templated":true}]}}